{"id":296,"date":"2018-09-02T14:47:29","date_gmt":"2018-09-02T12:47:29","guid":{"rendered":"https:\/\/walter-kilian.de\/wpfw\/?page_id=296"},"modified":"2019-03-28T14:47:51","modified_gmt":"2019-03-28T13:47:51","slug":"europawahl-2019","status":"publish","type":"page","link":"https:\/\/walter-kilian.de\/wpfw\/?page_id=296","title":{"rendered":"Europawahl 2019"},"content":{"rendered":"<div>\n<h2 style=\"text-align: center;\">Europawahl 2019<\/h2>\n<figure id=\"attachment_360\" aria-describedby=\"caption-attachment-360\" style=\"width: 300px\" class=\"wp-caption aligncenter\"><a href=\"https:\/\/www.freiewaehler-frankfurt.de\/files\/fw_broschuere_wahlprogramm_a4_v5_einzelseiten.pdf\" target=\"_blank\" rel=\"noopener noreferrer\"><img loading=\"lazy\" decoding=\"async\" class=\"wp-image-360 size-medium\" src=\"https:\/\/walter-kilian.de\/wpfw\/wp-content\/uploads\/2019\/02\/eu-wahlprogramm-300x210.png\" alt=\"unser Wahlprogramm zur Europawahl 2019 als PDF\" width=\"300\" height=\"210\" srcset=\"https:\/\/walter-kilian.de\/wpfw\/wp-content\/uploads\/2019\/02\/eu-wahlprogramm-300x210.png 300w, https:\/\/walter-kilian.de\/wpfw\/wp-content\/uploads\/2019\/02\/eu-wahlprogramm.png 739w\" sizes=\"auto, (max-width: 300px) 85vw, 300px\" \/><\/a><figcaption id=\"caption-attachment-360\" class=\"wp-caption-text\">unser Wahlprogramm zur Europawahl 2019: PDF-Datei zum Anklicken\/Download<\/figcaption><\/figure>\n<\/div>\n<ol>\n<li style=\"list-style-type: none; text-align: center;\"><img loading=\"lazy\" decoding=\"async\" class=\"size-full wp-image-297 aligncenter\" src=\"https:\/\/walter-kilian.de\/wpfw\/wp-content\/uploads\/2018\/09\/EU_1.jpg\" alt=\"\" width=\"381\" height=\"557\" srcset=\"https:\/\/walter-kilian.de\/wpfw\/wp-content\/uploads\/2018\/09\/EU_1.jpg 381w, https:\/\/walter-kilian.de\/wpfw\/wp-content\/uploads\/2018\/09\/EU_1-205x300.jpg 205w\" sizes=\"auto, (max-width: 381px) 85vw, 381px\" \/><\/li>\n<\/ol>\n<div>\n<div>\n<div>\n<div><\/div>\n<div>Am 16.06.2018 wurde ich von der FREIE W\u00c4HLER Bundesmitgliederversammlung zur Kandidatin f\u00fcr die Europawahl 2019 auf unsere Bundesliste nominiert und bedanke mich auf diesem Wege ganz herzlich bei allen FREIEN W\u00c4HLER f\u00fcr das entgegengebrachte Vertrauen.<\/div>\n<p>&nbsp;<\/p>\n<div style=\"text-align: center;\"><img loading=\"lazy\" decoding=\"async\" class=\"size-full wp-image-298 aligncenter\" src=\"https:\/\/walter-kilian.de\/wpfw\/wp-content\/uploads\/2018\/09\/EU_2.jpg\" alt=\"\" width=\"710\" height=\"508\" srcset=\"https:\/\/walter-kilian.de\/wpfw\/wp-content\/uploads\/2018\/09\/EU_2.jpg 710w, https:\/\/walter-kilian.de\/wpfw\/wp-content\/uploads\/2018\/09\/EU_2-300x215.jpg 300w\" sizes=\"auto, (max-width: 710px) 85vw, 710px\" \/><\/div>\n<\/div>\n<div><img loading=\"lazy\" decoding=\"async\" class=\"size-full wp-image-299 aligncenter\" src=\"https:\/\/walter-kilian.de\/wpfw\/wp-content\/uploads\/2018\/09\/EU_3.jpg\" alt=\"\" width=\"548\" height=\"402\" srcset=\"https:\/\/walter-kilian.de\/wpfw\/wp-content\/uploads\/2018\/09\/EU_3.jpg 548w, https:\/\/walter-kilian.de\/wpfw\/wp-content\/uploads\/2018\/09\/EU_3-300x220.jpg 300w\" sizes=\"auto, (max-width: 548px) 85vw, 548px\" \/><\/div>\n<div>\n<h5 style=\"text-align: center;\">Europa wird von uns und unseren Regionen geformt &#8211; es darf nie andersherum sein!<\/h5>\n<table border=\"0\">\n<tbody>\n<tr>\n<td><a href=\"https:\/\/walter-kilian.de\/wpfw\/wp-content\/uploads\/2018\/12\/FW_Kandidatenkarte_Walter-Kilian_A6_v2_Druckversion-1-726x1024.png\"><img loading=\"lazy\" decoding=\"async\" class=\"size-large wp-image-344 aligncenter\" src=\"https:\/\/walter-kilian.de\/wpfw\/wp-content\/uploads\/2018\/12\/FW_Kandidatenkarte_Walter-Kilian_A6_v2_Druckversion-1-726x1024.png\" alt=\"\" width=\"726\" height=\"1024\" \/><\/a><\/td>\n<td><a href=\"https:\/\/walter-kilian.de\/wpfw\/wp-content\/uploads\/2018\/12\/FW_Kandidatenkarte_Walter-Kilian_A6_v2_Druckversion-2-726x1024.png\"><img loading=\"lazy\" decoding=\"async\" class=\"size-large wp-image-344 aligncenter\" src=\"https:\/\/walter-kilian.de\/wpfw\/wp-content\/uploads\/2018\/12\/FW_Kandidatenkarte_Walter-Kilian_A6_v2_Druckversion-2-726x1024.png\" alt=\"\" width=\"726\" height=\"1024\" srcset=\"https:\/\/walter-kilian.de\/wpfw\/wp-content\/uploads\/2018\/12\/FW_Kandidatenkarte_Walter-Kilian_A6_v2_Druckversion-2-726x1024.png 726w, https:\/\/walter-kilian.de\/wpfw\/wp-content\/uploads\/2018\/12\/FW_Kandidatenkarte_Walter-Kilian_A6_v2_Druckversion-2-213x300.png 213w, https:\/\/walter-kilian.de\/wpfw\/wp-content\/uploads\/2018\/12\/FW_Kandidatenkarte_Walter-Kilian_A6_v2_Druckversion-2-768x1083.png 768w, https:\/\/walter-kilian.de\/wpfw\/wp-content\/uploads\/2018\/12\/FW_Kandidatenkarte_Walter-Kilian_A6_v2_Druckversion-2.png 827w\" sizes=\"auto, (max-width: 726px) 85vw, 726px\" \/><\/a><\/td>\n<\/tr>\n<\/tbody>\n<\/table>\n<h4>Termine:<\/h4>\n<ul>\n<li>29.03.2019 Umweltmesse Landshut<\/li>\n<li>02.04.2019 Starkbierfest Landshut<\/li>\n<li>06.04.2019 Dulttreff Landshut<\/li>\n<li>20-04-2019 Infostand Rathaus Landshut<\/li>\n<li>27.04.2019 Infostand L\u00e4ndtor Landshut<\/li>\n<li>11.05.2019 Infostand Rathaus Landshut<\/li>\n<\/ul>\n<h5 style=\"text-align: center;\"><img loading=\"lazy\" decoding=\"async\" class=\"aligncenter size-medium wp-image-302\" src=\"https:\/\/walter-kilian.de\/wpfw\/wp-content\/uploads\/2018\/09\/HACK_klein_9580-298x300.jpg\" alt=\"\" width=\"298\" height=\"300\" srcset=\"https:\/\/walter-kilian.de\/wpfw\/wp-content\/uploads\/2018\/09\/HACK_klein_9580-298x300.jpg 298w, https:\/\/walter-kilian.de\/wpfw\/wp-content\/uploads\/2018\/09\/HACK_klein_9580-150x150.jpg 150w, https:\/\/walter-kilian.de\/wpfw\/wp-content\/uploads\/2018\/09\/HACK_klein_9580.jpg 722w\" sizes=\"auto, (max-width: 298px) 85vw, 298px\" \/><\/h5>\n<div>\n<div style=\"text-align: center;\">Kontakt zu Europafragen: <a href=\"mailto:annette.walter-kilian@freiewaehler.eu\">annette.walter-kilian@freiewaehler.eu<\/a><\/div>\n<div style=\"text-align: center;\"><a href=\"http:\/\/www.unsereheimateuropa.de\">www.unsereheimateuropa.de<\/a><\/div>\n<\/div>\n<\/div>\n<\/div>\n<p style=\"text-align: center;\">\n<\/div>\n","protected":false},"excerpt":{"rendered":"<p>Europawahl 2019 Am 16.06.2018 wurde ich von der FREIE W\u00c4HLER Bundesmitgliederversammlung zur Kandidatin f\u00fcr die Europawahl 2019 auf unsere Bundesliste nominiert und bedanke mich auf diesem Wege ganz herzlich bei allen FREIEN W\u00c4HLER f\u00fcr das entgegengebrachte Vertrauen. &nbsp; Europa wird von uns und unseren Regionen geformt &#8211; es darf nie andersherum sein! Termine: 29.03.2019 Umweltmesse &hellip; <a href=\"https:\/\/walter-kilian.de\/wpfw\/?page_id=296\" class=\"more-link\"><span class=\"screen-reader-text\">\u201eEuropawahl 2019\u201c <\/span>weiterlesen<\/a><\/p>\n","protected":false},"author":1,"featured_media":0,"parent":0,"menu_order":0,"comment_status":"closed","ping_status":"closed","template":"","meta":{"footnotes":""},"class_list":["post-296","page","type-page","status-publish","hentry"],"_links":{"self":[{"href":"https:\/\/walter-kilian.de\/wpfw\/index.php?rest_route=\/wp\/v2\/pages\/296","targetHints":{"allow":["GET"]}}],"collection":[{"href":"https:\/\/walter-kilian.de\/wpfw\/index.php?rest_route=\/wp\/v2\/pages"}],"about":[{"href":"https:\/\/walter-kilian.de\/wpfw\/index.php?rest_route=\/wp\/v2\/types\/page"}],"author":[{"embeddable":true,"href":"https:\/\/walter-kilian.de\/wpfw\/index.php?rest_route=\/wp\/v2\/users\/1"}],"replies":[{"embeddable":true,"href":"https:\/\/walter-kilian.de\/wpfw\/index.php?rest_route=%2Fwp%2Fv2%2Fcomments&post=296"}],"version-history":[{"count":20,"href":"https:\/\/walter-kilian.de\/wpfw\/index.php?rest_route=\/wp\/v2\/pages\/296\/revisions"}],"predecessor-version":[{"id":370,"href":"https:\/\/walter-kilian.de\/wpfw\/index.php?rest_route=\/wp\/v2\/pages\/296\/revisions\/370"}],"wp:attachment":[{"href":"https:\/\/walter-kilian.de\/wpfw\/index.php?rest_route=%2Fwp%2Fv2%2Fmedia&parent=296"}],"curies":[{"name":"wp","href":"https:\/\/api.w.org\/{rel}","templated":true}]}}