{"id":64,"date":"2017-04-23T19:30:27","date_gmt":"2017-04-23T17:30:27","guid":{"rendered":"http:\/\/walter-kilian.de\/wpfw\/?page_id=64"},"modified":"2020-02-18T16:09:57","modified_gmt":"2020-02-18T15:09:57","slug":"freie-waehler-funktionen","status":"publish","type":"page","link":"https:\/\/walter-kilian.de\/wpfw\/?page_id=64","title":{"rendered":"FREIE W\u00c4HLER Funktionen"},"content":{"rendered":"<h2>FREIE W\u00c4HLER Funktionen<\/h2>\n<p>Ich bin FREIER W\u00c4HLER<\/p>\n<p><img loading=\"lazy\" decoding=\"async\" class=\"size-medium wp-image-135 aligncenter\" src=\"https:\/\/walter-kilian.de\/wpfw\/wp-content\/uploads\/2017\/04\/IMG_1329_2_neu-300x200.jpg\" alt=\"\" width=\"300\" height=\"200\" srcset=\"https:\/\/walter-kilian.de\/wpfw\/wp-content\/uploads\/2017\/04\/IMG_1329_2_neu-300x200.jpg 300w, https:\/\/walter-kilian.de\/wpfw\/wp-content\/uploads\/2017\/04\/IMG_1329_2_neu-768x512.jpg 768w, https:\/\/walter-kilian.de\/wpfw\/wp-content\/uploads\/2017\/04\/IMG_1329_2_neu-1024x683.jpg 1024w, https:\/\/walter-kilian.de\/wpfw\/wp-content\/uploads\/2017\/04\/IMG_1329_2_neu-1200x800.jpg 1200w\" sizes=\"auto, (max-width: 300px) 85vw, 300px\" \/><\/p>\n<p>weil wir die Politik nachhaltig und ganzheitlich betrachten, weil wir FREIEN W\u00c4HLER eine seit Jahren gewachsene kommunale und regionale Struktur aufgebaut haben und damit jedem B\u00fcrger unseres Landes soziale und rechtliche Sicherheit geben; wir jagen nicht kurzfristigen Umfragewerten hinterher und wir flicken L\u00f6cher nicht mit Polemik &#8211; deshalb setzte ich mich mit folgenden ehrenamtlichen T\u00e4tigkeiten f\u00fcr die FREIEN W\u00c4HLER ein:<\/p>\n<ul>\n<li>seit 01.02.2020 Berufung zur Vorsitzenden des Bundesfachausschuss Soziales\/Gesundheit\/Pflege der FREIE W\u00c4HLER Bundesvereinigung<\/li>\n<li>Vorsitz Bundesschiedsgericht turnusgem\u00e4\u00df im November 2019 beendet <\/li>\n<li>seit Ende April 2018\u200e kommissarisch Vorsitzende FREIE W\u00c4HLER Bundesschiedsgericht<\/li>\n<li>seit Februar 2017 stellv. Vorsitzende FREIE W\u00c4HLER Stadtverband Landshut e.V. (Link www.fw-landshut.de)<\/li>\n<li>seit 2011 Vorsitzende Arbeitskreis Gesundheit\/Pflege im FREIE W\u00c4HLER Landesverband Bayern<\/li>\n<li>seit 2015 stellv. Vorsitzende Bundesfachausschuss Gesundheit\/Pflege FREIE W\u00c4HLER Bundesvereinigung<\/li>\n<li>seit 2016 Delegierte im FREIE W\u00c4HLER L\u00e4nderrat<\/li>\n<li>seit 2016 Beisitzerin Bundesschiedsgericht FREIE W\u00c4HLER Bundesvereinigung<\/li>\n<li>seit\u00a027.04.2018 kommissarisch Vorsitzende des Bundesschiedsgerichts<\/li>\n<li>2014 FREIE W\u00c4HLER Kandidatin Europawahl<\/li>\n<li>2017 FREIE W\u00c4HLER Kandidatin Bundestagswahl<\/li>\n<\/ul>\n<p>Meine politischen Schwerpunkte neben der Kommunalpolitik f\u00fcr meine Stadt Landshut sind:\u00a0<img loading=\"lazy\" decoding=\"async\" class=\"alignright wp-image-21 size-full\" src=\"https:\/\/walter-kilian.de\/wpfw\/wp-content\/uploads\/2017\/04\/Anne_2014.jpg\" alt=\"\" width=\"241\" height=\"473\" srcset=\"https:\/\/walter-kilian.de\/wpfw\/wp-content\/uploads\/2017\/04\/Anne_2014.jpg 241w, https:\/\/walter-kilian.de\/wpfw\/wp-content\/uploads\/2017\/04\/Anne_2014-153x300.jpg 153w\" sizes=\"auto, (max-width: 241px) 85vw, 241px\" \/><\/p>\n<ul>\n<li>Gesundheit- und Pflege<\/li>\n<li>Umwelt<\/li>\n<li>Soziales<\/li>\n<li>Entwicklungshilfe<\/li>\n<\/ul>\n","protected":false},"excerpt":{"rendered":"<p>FREIE W\u00c4HLER Funktionen Ich bin FREIER W\u00c4HLER weil wir die Politik nachhaltig und ganzheitlich betrachten, weil wir FREIEN W\u00c4HLER eine seit Jahren gewachsene kommunale und regionale Struktur aufgebaut haben und damit jedem B\u00fcrger unseres Landes soziale und rechtliche Sicherheit geben; wir jagen nicht kurzfristigen Umfragewerten hinterher und wir flicken L\u00f6cher nicht mit Polemik &#8211; deshalb &hellip; <a href=\"https:\/\/walter-kilian.de\/wpfw\/?page_id=64\" class=\"more-link\"><span class=\"screen-reader-text\">\u201eFREIE W\u00c4HLER Funktionen\u201c <\/span>weiterlesen<\/a><\/p>\n","protected":false},"author":1,"featured_media":0,"parent":0,"menu_order":0,"comment_status":"closed","ping_status":"closed","template":"","meta":{"footnotes":""},"class_list":["post-64","page","type-page","status-publish","hentry"],"_links":{"self":[{"href":"https:\/\/walter-kilian.de\/wpfw\/index.php?rest_route=\/wp\/v2\/pages\/64","targetHints":{"allow":["GET"]}}],"collection":[{"href":"https:\/\/walter-kilian.de\/wpfw\/index.php?rest_route=\/wp\/v2\/pages"}],"about":[{"href":"https:\/\/walter-kilian.de\/wpfw\/index.php?rest_route=\/wp\/v2\/types\/page"}],"author":[{"embeddable":true,"href":"https:\/\/walter-kilian.de\/wpfw\/index.php?rest_route=\/wp\/v2\/users\/1"}],"replies":[{"embeddable":true,"href":"https:\/\/walter-kilian.de\/wpfw\/index.php?rest_route=%2Fwp%2Fv2%2Fcomments&post=64"}],"version-history":[{"count":14,"href":"https:\/\/walter-kilian.de\/wpfw\/index.php?rest_route=\/wp\/v2\/pages\/64\/revisions"}],"predecessor-version":[{"id":382,"href":"https:\/\/walter-kilian.de\/wpfw\/index.php?rest_route=\/wp\/v2\/pages\/64\/revisions\/382"}],"wp:attachment":[{"href":"https:\/\/walter-kilian.de\/wpfw\/index.php?rest_route=%2Fwp%2Fv2%2Fmedia&parent=64"}],"curies":[{"name":"wp","href":"https:\/\/api.w.org\/{rel}","templated":true}]}}